{"id":851,"date":"2023-06-09T19:31:58","date_gmt":"2023-06-09T17:31:58","guid":{"rendered":"https:\/\/ttt-academy.com\/?page_id=851"},"modified":"2023-07-10T10:09:47","modified_gmt":"2023-07-10T08:09:47","slug":"jeremy-cannarozzo","status":"publish","type":"page","link":"https:\/\/ttt-academy.com\/index.php\/jeremy-cannarozzo\/","title":{"rendered":"J\u00c9R\u00c9MY CANNAROZZO"},"content":{"rendered":"\t\t<div data-elementor-type=\"wp-page\" data-elementor-id=\"851\" class=\"elementor elementor-851\">\n\t\t\t\t\t\t\t\t\t<section class=\"elementor-section elementor-top-section elementor-element elementor-element-f6a6f94 elementor-section-boxed elementor-section-height-default elementor-section-height-default\" data-id=\"f6a6f94\" data-element_type=\"section\">\n\t\t\t\t\t\t<div class=\"elementor-container elementor-column-gap-default\">\n\t\t\t\t\t<div class=\"elementor-column elementor-col-100 elementor-top-column elementor-element elementor-element-1eb188d\" data-id=\"1eb188d\" data-element_type=\"column\">\n\t\t\t<div class=\"elementor-widget-wrap elementor-element-populated\">\n\t\t\t\t\t\t\t\t<div class=\"elementor-element elementor-element-d12d530 elementor-widget elementor-widget-heading\" data-id=\"d12d530\" data-element_type=\"widget\" data-widget_type=\"heading.default\">\n\t\t\t\t<div class=\"elementor-widget-container\">\n\t\t\t<style>\/*! elementor - v3.13.3 - 28-05-2023 *\/\n.elementor-heading-title{padding:0;margin:0;line-height:1}.elementor-widget-heading .elementor-heading-title[class*=elementor-size-]>a{color:inherit;font-size:inherit;line-height:inherit}.elementor-widget-heading .elementor-heading-title.elementor-size-small{font-size:15px}.elementor-widget-heading .elementor-heading-title.elementor-size-medium{font-size:19px}.elementor-widget-heading .elementor-heading-title.elementor-size-large{font-size:29px}.elementor-widget-heading .elementor-heading-title.elementor-size-xl{font-size:39px}.elementor-widget-heading .elementor-heading-title.elementor-size-xxl{font-size:59px}<\/style><h2 class=\"elementor-heading-title elementor-size-default\"><h2 style=\"white-space: normal;\">Chef d'entreprise et formateur<\/h2><\/h2>\t\t<\/div>\n\t\t\t\t<\/div>\n\t\t\t\t<div class=\"elementor-element elementor-element-fe15883 elementor-widget elementor-widget-text-editor\" data-id=\"fe15883\" data-element_type=\"widget\" data-widget_type=\"text-editor.default\">\n\t\t\t\t<div class=\"elementor-widget-container\">\n\t\t\t<style>\/*! elementor - v3.13.3 - 28-05-2023 *\/\n.elementor-widget-text-editor.elementor-drop-cap-view-stacked .elementor-drop-cap{background-color:#69727d;color:#fff}.elementor-widget-text-editor.elementor-drop-cap-view-framed .elementor-drop-cap{color:#69727d;border:3px solid;background-color:transparent}.elementor-widget-text-editor:not(.elementor-drop-cap-view-default) .elementor-drop-cap{margin-top:8px}.elementor-widget-text-editor:not(.elementor-drop-cap-view-default) .elementor-drop-cap-letter{width:1em;height:1em}.elementor-widget-text-editor .elementor-drop-cap{float:left;text-align:center;line-height:1;font-size:50px}.elementor-widget-text-editor .elementor-drop-cap-letter{display:inline-block}<\/style>\t\t\t\t<p>\u00ab\u00a0Le sens de la vie c&rsquo;est apprendre toujours, apprendre et transmettre parce que transmettre c&rsquo;est donner, donner c&rsquo;est aider, aider c&rsquo;est avancer, avancer c&rsquo;est grandir.\u00a0\u00bb Zineve<\/p>\t\t\t\t\t\t<\/div>\n\t\t\t\t<\/div>\n\t\t\t\t\t<\/div>\n\t\t<\/div>\n\t\t\t\t\t\t\t<\/div>\n\t\t<\/section>\n\t\t\t\t<section class=\"elementor-section elementor-top-section elementor-element elementor-element-c61d87a elementor-section-boxed elementor-section-height-default elementor-section-height-default\" data-id=\"c61d87a\" data-element_type=\"section\">\n\t\t\t\t\t\t<div class=\"elementor-container elementor-column-gap-default\">\n\t\t\t\t\t<div class=\"elementor-column elementor-col-66 elementor-top-column elementor-element elementor-element-81b6390\" data-id=\"81b6390\" data-element_type=\"column\">\n\t\t\t<div class=\"elementor-widget-wrap elementor-element-populated\">\n\t\t\t\t\t\t\t\t<div class=\"elementor-element elementor-element-6734ee3 elementor-widget elementor-widget-text-editor\" data-id=\"6734ee3\" data-element_type=\"widget\" data-widget_type=\"text-editor.default\">\n\t\t\t\t<div class=\"elementor-widget-container\">\n\t\t\t\t\t\t\t<div>Apr\u00e8s avoir obtenu ses dipl\u00f4mes CAP\/BP, J\u00e9r\u00e9my a eut la chance de travailler avec l&rsquo;un des coiffeurs ambassadeurs de L&rsquo;Or\u00e9al devenu ensuite le directeur de la Haute Coiffure Fran\u00e7aise (HCF) o\u00f9 il a appris l&rsquo;excellence et la rigueur.<\/div><div><br \/>Avec cette riche exp\u00e9rience, il cr\u00e9\u00e9 son propre salon de coiffure \u00e0 Paris en 2010, le concept Beauty Zen autour de la beaut\u00e9 globale avec coiffure mixte, un espace barbier et un autre d\u00e9di\u00e9 \u00e0 l&rsquo;esth\u00e9tique.<\/div><div>\u00a0<\/div><div>Avec son activit\u00e9 de formateur technique et Business pour DAVINES France, J\u00e9r\u00e9my partage sa vision de la coiffure, du business avec au centre, l&rsquo;exp\u00e9rience client.<\/div><div>\u00a0<\/div><div>Anim\u00e9 par le d\u00e9veloppement des connaissances et des comp\u00e9tences, J\u00e9r\u00e9my est convaincu que la formation de formateurs est essentielle pour la mont\u00e9e en gamme des acteurs de la profession dans un secteur en pleine mutation.<\/div>\t\t\t\t\t\t<\/div>\n\t\t\t\t<\/div>\n\t\t\t\t\t<\/div>\n\t\t<\/div>\n\t\t\t\t<div class=\"elementor-column elementor-col-33 elementor-top-column elementor-element elementor-element-111c443\" data-id=\"111c443\" data-element_type=\"column\">\n\t\t\t<div class=\"elementor-widget-wrap elementor-element-populated\">\n\t\t\t\t\t\t\t\t<div class=\"elementor-element elementor-element-983ace3 elementor-widget elementor-widget-image\" data-id=\"983ace3\" data-element_type=\"widget\" data-widget_type=\"image.default\">\n\t\t\t\t<div class=\"elementor-widget-container\">\n\t\t\t<style>\/*! elementor - v3.13.3 - 28-05-2023 *\/\n.elementor-widget-image{text-align:center}.elementor-widget-image a{display:inline-block}.elementor-widget-image a img[src$=\".svg\"]{width:48px}.elementor-widget-image img{vertical-align:middle;display:inline-block}<\/style>\t\t\t\t\t\t\t\t\t\t\t\t<img loading=\"lazy\" decoding=\"async\" width=\"889\" height=\"1024\" src=\"https:\/\/ttt-academy.com\/wp-content\/uploads\/2023\/07\/JEREMY_CANNAROZZO-889x1024.jpg\" class=\"attachment-large size-large wp-image-1550\" alt=\"JEREMY CANNAROZZO\" srcset=\"https:\/\/ttt-academy.com\/wp-content\/uploads\/2023\/07\/JEREMY_CANNAROZZO-889x1024.jpg 889w, https:\/\/ttt-academy.com\/wp-content\/uploads\/2023\/07\/JEREMY_CANNAROZZO-260x300.jpg 260w, https:\/\/ttt-academy.com\/wp-content\/uploads\/2023\/07\/JEREMY_CANNAROZZO-768x885.jpg 768w\" sizes=\"auto, (max-width: 889px) 100vw, 889px\" \/>\t\t\t\t\t\t\t\t\t\t\t\t\t\t\t<\/div>\n\t\t\t\t<\/div>\n\t\t\t\t\t<\/div>\n\t\t<\/div>\n\t\t\t\t\t\t\t<\/div>\n\t\t<\/section>\n\t\t\t\t<section class=\"elementor-section elementor-top-section elementor-element elementor-element-5a84ea8 elementor-section-boxed elementor-section-height-default elementor-section-height-default\" data-id=\"5a84ea8\" data-element_type=\"section\">\n\t\t\t\t\t\t<div class=\"elementor-container elementor-column-gap-default\">\n\t\t\t\t\t<div class=\"elementor-column elementor-col-100 elementor-top-column elementor-element elementor-element-ade02d7\" data-id=\"ade02d7\" data-element_type=\"column\">\n\t\t\t<div class=\"elementor-widget-wrap elementor-element-populated\">\n\t\t\t\t\t\t\t\t<div class=\"elementor-element elementor-element-594a413 elementor-widget elementor-widget-image\" data-id=\"594a413\" data-element_type=\"widget\" data-widget_type=\"image.default\">\n\t\t\t\t<div class=\"elementor-widget-container\">\n\t\t\t\t\t\t\t\t\t\t\t\t\t\t\t<img loading=\"lazy\" decoding=\"async\" width=\"1024\" height=\"768\" src=\"https:\/\/ttt-academy.com\/wp-content\/uploads\/2023\/07\/1688716392764-1024x768.jpg\" class=\"attachment-large size-large wp-image-1581\" alt=\"TTT ACADEMY\" srcset=\"https:\/\/ttt-academy.com\/wp-content\/uploads\/2023\/07\/1688716392764-1024x768.jpg 1024w, https:\/\/ttt-academy.com\/wp-content\/uploads\/2023\/07\/1688716392764-300x225.jpg 300w, https:\/\/ttt-academy.com\/wp-content\/uploads\/2023\/07\/1688716392764-768x576.jpg 768w, https:\/\/ttt-academy.com\/wp-content\/uploads\/2023\/07\/1688716392764-1536x1152.jpg 1536w, https:\/\/ttt-academy.com\/wp-content\/uploads\/2023\/07\/1688716392764-2048x1536.jpg 2048w, https:\/\/ttt-academy.com\/wp-content\/uploads\/2023\/07\/elementor\/thumbs\/1688716392764-scaled-q976h97ypeovqxlknr5vs1jojhn02tys3nqtt3l8wc.jpg 1000w, https:\/\/ttt-academy.com\/wp-content\/uploads\/2023\/07\/1688716392764-230x173.jpg 230w, https:\/\/ttt-academy.com\/wp-content\/uploads\/2023\/07\/1688716392764-350x263.jpg 350w, https:\/\/ttt-academy.com\/wp-content\/uploads\/2023\/07\/1688716392764-480x360.jpg 480w\" sizes=\"auto, (max-width: 1024px) 100vw, 1024px\" \/>\t\t\t\t\t\t\t\t\t\t\t\t\t\t\t<\/div>\n\t\t\t\t<\/div>\n\t\t\t\t\t<\/div>\n\t\t<\/div>\n\t\t\t\t\t\t\t<\/div>\n\t\t<\/section>\n\t\t\t\t\t\t\t<\/div>\n\t\t","protected":false},"excerpt":{"rendered":"<p>Chef d&rsquo;entreprise et formateur \u00ab\u00a0Le sens de la vie c&rsquo;est apprendre toujours, apprendre et transmettre parce que transmettre c&rsquo;est donner, donner c&rsquo;est aider, aider c&rsquo;est [&hellip;]<\/p>\n","protected":false},"author":1,"featured_media":0,"parent":0,"menu_order":0,"comment_status":"closed","ping_status":"closed","template":"","meta":{"footnotes":""},"class_list":["post-851","page","type-page","status-publish","hentry"],"yoast_head":"<!-- This site is optimized with the Yoast SEO plugin v20.9 - https:\/\/yoast.com\/wordpress\/plugins\/seo\/ -->\n<title>J\u00c9R\u00c9MY CANNAROZZO - TTT ACADEMY FORMATION<\/title>\n<meta name=\"robots\" content=\"index, follow, max-snippet:-1, max-image-preview:large, max-video-preview:-1\" \/>\n<link rel=\"canonical\" href=\"https:\/\/ttt-academy.com\/index.php\/jeremy-cannarozzo\/\" \/>\n<meta property=\"og:locale\" content=\"fr_FR\" \/>\n<meta property=\"og:type\" content=\"article\" \/>\n<meta property=\"og:title\" content=\"J\u00c9R\u00c9MY CANNAROZZO - TTT ACADEMY FORMATION\" \/>\n<meta property=\"og:description\" content=\"Chef d&rsquo;entreprise et formateur \u00ab\u00a0Le sens de la vie c&rsquo;est apprendre toujours, apprendre et transmettre parce que transmettre c&rsquo;est donner, donner c&rsquo;est aider, aider c&rsquo;est [&hellip;]\" \/>\n<meta property=\"og:url\" content=\"https:\/\/ttt-academy.com\/index.php\/jeremy-cannarozzo\/\" \/>\n<meta property=\"og:site_name\" content=\"TTT ACADEMY FORMATION\" \/>\n<meta property=\"article:modified_time\" content=\"2023-07-10T08:09:47+00:00\" \/>\n<meta property=\"og:image\" content=\"https:\/\/ttt-academy.com\/wp-content\/uploads\/2023\/07\/JEREMY_CANNAROZZO-889x1024.jpg\" \/>\n<meta name=\"twitter:card\" content=\"summary_large_image\" \/>\n<meta name=\"twitter:label1\" content=\"Dur\u00e9e de lecture estim\u00e9e\" \/>\n\t<meta name=\"twitter:data1\" content=\"2 minutes\" \/>\n<script type=\"application\/ld+json\" class=\"yoast-schema-graph\">{\"@context\":\"https:\/\/schema.org\",\"@graph\":[{\"@type\":\"WebPage\",\"@id\":\"https:\/\/ttt-academy.com\/index.php\/jeremy-cannarozzo\/\",\"url\":\"https:\/\/ttt-academy.com\/index.php\/jeremy-cannarozzo\/\",\"name\":\"J\u00c9R\u00c9MY CANNAROZZO - TTT ACADEMY FORMATION\",\"isPartOf\":{\"@id\":\"https:\/\/ttt-academy.com\/#website\"},\"datePublished\":\"2023-06-09T17:31:58+00:00\",\"dateModified\":\"2023-07-10T08:09:47+00:00\",\"breadcrumb\":{\"@id\":\"https:\/\/ttt-academy.com\/index.php\/jeremy-cannarozzo\/#breadcrumb\"},\"inLanguage\":\"fr-FR\",\"potentialAction\":[{\"@type\":\"ReadAction\",\"target\":[\"https:\/\/ttt-academy.com\/index.php\/jeremy-cannarozzo\/\"]}]},{\"@type\":\"BreadcrumbList\",\"@id\":\"https:\/\/ttt-academy.com\/index.php\/jeremy-cannarozzo\/#breadcrumb\",\"itemListElement\":[{\"@type\":\"ListItem\",\"position\":1,\"name\":\"Accueil\",\"item\":\"https:\/\/ttt-academy.com\/\"},{\"@type\":\"ListItem\",\"position\":2,\"name\":\"J\u00c9R\u00c9MY CANNAROZZO\"}]},{\"@type\":\"WebSite\",\"@id\":\"https:\/\/ttt-academy.com\/#website\",\"url\":\"https:\/\/ttt-academy.com\/\",\"name\":\"www.ttt-academy.com\",\"description\":\"La formation continue des formateurs\",\"publisher\":{\"@id\":\"https:\/\/ttt-academy.com\/#organization\"},\"potentialAction\":[{\"@type\":\"SearchAction\",\"target\":{\"@type\":\"EntryPoint\",\"urlTemplate\":\"https:\/\/ttt-academy.com\/?s={search_term_string}\"},\"query-input\":\"required name=search_term_string\"}],\"inLanguage\":\"fr-FR\"},{\"@type\":\"Organization\",\"@id\":\"https:\/\/ttt-academy.com\/#organization\",\"name\":\"TTT ACADEMY\",\"url\":\"https:\/\/ttt-academy.com\/\",\"logo\":{\"@type\":\"ImageObject\",\"inLanguage\":\"fr-FR\",\"@id\":\"https:\/\/ttt-academy.com\/#\/schema\/logo\/image\/\",\"url\":\"http:\/\/ttt-academy.com\/wp-content\/uploads\/2023\/06\/TTT_Logo.png\",\"contentUrl\":\"http:\/\/ttt-academy.com\/wp-content\/uploads\/2023\/06\/TTT_Logo.png\",\"width\":2689,\"height\":1113,\"caption\":\"TTT ACADEMY\"},\"image\":{\"@id\":\"https:\/\/ttt-academy.com\/#\/schema\/logo\/image\/\"}}]}<\/script>\n<!-- \/ Yoast SEO plugin. -->","yoast_head_json":{"title":"J\u00c9R\u00c9MY CANNAROZZO - TTT ACADEMY FORMATION","robots":{"index":"index","follow":"follow","max-snippet":"max-snippet:-1","max-image-preview":"max-image-preview:large","max-video-preview":"max-video-preview:-1"},"canonical":"https:\/\/ttt-academy.com\/index.php\/jeremy-cannarozzo\/","og_locale":"fr_FR","og_type":"article","og_title":"J\u00c9R\u00c9MY CANNAROZZO - TTT ACADEMY FORMATION","og_description":"Chef d&rsquo;entreprise et formateur \u00ab\u00a0Le sens de la vie c&rsquo;est apprendre toujours, apprendre et transmettre parce que transmettre c&rsquo;est donner, donner c&rsquo;est aider, aider c&rsquo;est [&hellip;]","og_url":"https:\/\/ttt-academy.com\/index.php\/jeremy-cannarozzo\/","og_site_name":"TTT ACADEMY FORMATION","article_modified_time":"2023-07-10T08:09:47+00:00","og_image":[{"url":"https:\/\/ttt-academy.com\/wp-content\/uploads\/2023\/07\/JEREMY_CANNAROZZO-889x1024.jpg"}],"twitter_card":"summary_large_image","twitter_misc":{"Dur\u00e9e de lecture estim\u00e9e":"2 minutes"},"schema":{"@context":"https:\/\/schema.org","@graph":[{"@type":"WebPage","@id":"https:\/\/ttt-academy.com\/index.php\/jeremy-cannarozzo\/","url":"https:\/\/ttt-academy.com\/index.php\/jeremy-cannarozzo\/","name":"J\u00c9R\u00c9MY CANNAROZZO - TTT ACADEMY FORMATION","isPartOf":{"@id":"https:\/\/ttt-academy.com\/#website"},"datePublished":"2023-06-09T17:31:58+00:00","dateModified":"2023-07-10T08:09:47+00:00","breadcrumb":{"@id":"https:\/\/ttt-academy.com\/index.php\/jeremy-cannarozzo\/#breadcrumb"},"inLanguage":"fr-FR","potentialAction":[{"@type":"ReadAction","target":["https:\/\/ttt-academy.com\/index.php\/jeremy-cannarozzo\/"]}]},{"@type":"BreadcrumbList","@id":"https:\/\/ttt-academy.com\/index.php\/jeremy-cannarozzo\/#breadcrumb","itemListElement":[{"@type":"ListItem","position":1,"name":"Accueil","item":"https:\/\/ttt-academy.com\/"},{"@type":"ListItem","position":2,"name":"J\u00c9R\u00c9MY CANNAROZZO"}]},{"@type":"WebSite","@id":"https:\/\/ttt-academy.com\/#website","url":"https:\/\/ttt-academy.com\/","name":"www.ttt-academy.com","description":"La formation continue des formateurs","publisher":{"@id":"https:\/\/ttt-academy.com\/#organization"},"potentialAction":[{"@type":"SearchAction","target":{"@type":"EntryPoint","urlTemplate":"https:\/\/ttt-academy.com\/?s={search_term_string}"},"query-input":"required name=search_term_string"}],"inLanguage":"fr-FR"},{"@type":"Organization","@id":"https:\/\/ttt-academy.com\/#organization","name":"TTT ACADEMY","url":"https:\/\/ttt-academy.com\/","logo":{"@type":"ImageObject","inLanguage":"fr-FR","@id":"https:\/\/ttt-academy.com\/#\/schema\/logo\/image\/","url":"http:\/\/ttt-academy.com\/wp-content\/uploads\/2023\/06\/TTT_Logo.png","contentUrl":"http:\/\/ttt-academy.com\/wp-content\/uploads\/2023\/06\/TTT_Logo.png","width":2689,"height":1113,"caption":"TTT ACADEMY"},"image":{"@id":"https:\/\/ttt-academy.com\/#\/schema\/logo\/image\/"}}]}},"_links":{"self":[{"href":"https:\/\/ttt-academy.com\/index.php\/wp-json\/wp\/v2\/pages\/851","targetHints":{"allow":["GET"]}}],"collection":[{"href":"https:\/\/ttt-academy.com\/index.php\/wp-json\/wp\/v2\/pages"}],"about":[{"href":"https:\/\/ttt-academy.com\/index.php\/wp-json\/wp\/v2\/types\/page"}],"author":[{"embeddable":true,"href":"https:\/\/ttt-academy.com\/index.php\/wp-json\/wp\/v2\/users\/1"}],"replies":[{"embeddable":true,"href":"https:\/\/ttt-academy.com\/index.php\/wp-json\/wp\/v2\/comments?post=851"}],"version-history":[{"count":20,"href":"https:\/\/ttt-academy.com\/index.php\/wp-json\/wp\/v2\/pages\/851\/revisions"}],"predecessor-version":[{"id":1602,"href":"https:\/\/ttt-academy.com\/index.php\/wp-json\/wp\/v2\/pages\/851\/revisions\/1602"}],"wp:attachment":[{"href":"https:\/\/ttt-academy.com\/index.php\/wp-json\/wp\/v2\/media?parent=851"}],"curies":[{"name":"wp","href":"https:\/\/api.w.org\/{rel}","templated":true}]}}